{"id":112,"date":"2024-11-07T21:40:28","date_gmt":"2024-11-07T20:40:28","guid":{"rendered":"http:\/\/foleru.ovh\/?page_id=112"},"modified":"2024-11-07T23:49:23","modified_gmt":"2024-11-07T22:49:23","slug":"bio","status":"publish","type":"page","link":"https:\/\/foleru.ovh\/index.php\/bio\/","title":{"rendered":"Bio"},"content":{"rendered":"\t\t<div data-elementor-type=\"wp-page\" data-elementor-id=\"112\" class=\"elementor elementor-112\">\n\t\t\t\t<div class=\"elementor-element elementor-element-e87a583 e-flex e-con-boxed e-con e-parent\" data-id=\"e87a583\" data-element_type=\"container\">\n\t\t\t\t\t<div class=\"e-con-inner\">\n\t\t\t\t<div class=\"elementor-element elementor-element-3903bd7 elementor-widget__width-initial elementor-widget elementor-widget-image\" data-id=\"3903bd7\" data-element_type=\"widget\" data-widget_type=\"image.default\">\n\t\t\t\t<div class=\"elementor-widget-container\">\n\t\t\t\t\t\t\t\t\t\t\t\t\t<img fetchpriority=\"high\" decoding=\"async\" width=\"1024\" height=\"1016\" src=\"https:\/\/foleru.ovh\/wp-content\/uploads\/2024\/11\/IMG_0840-1024x1016.jpg\" class=\"attachment-large size-large wp-image-92\" alt=\"\" srcset=\"https:\/\/foleru.ovh\/wp-content\/uploads\/2024\/11\/IMG_0840-1024x1016.jpg 1024w, https:\/\/foleru.ovh\/wp-content\/uploads\/2024\/11\/IMG_0840-300x298.jpg 300w, https:\/\/foleru.ovh\/wp-content\/uploads\/2024\/11\/IMG_0840-150x150.jpg 150w, https:\/\/foleru.ovh\/wp-content\/uploads\/2024\/11\/IMG_0840-768x762.jpg 768w, https:\/\/foleru.ovh\/wp-content\/uploads\/2024\/11\/IMG_0840-1536x1523.jpg 1536w, https:\/\/foleru.ovh\/wp-content\/uploads\/2024\/11\/IMG_0840-2048x2031.jpg 2048w\" sizes=\"(max-width: 1024px) 100vw, 1024px\" \/>\t\t\t\t\t\t\t\t\t\t\t\t\t<\/div>\n\t\t\t\t<\/div>\n\t\t<div class=\"elementor-element elementor-element-db3d8fc e-con-full e-flex e-con e-child\" data-id=\"db3d8fc\" data-element_type=\"container\">\n\t\t\t\t<\/div>\n\t\t\t\t<div class=\"elementor-element elementor-element-dafe02a elementor-widget elementor-widget-heading\" data-id=\"dafe02a\" data-element_type=\"widget\" data-widget_type=\"heading.default\">\n\t\t\t\t<div class=\"elementor-widget-container\">\n\t\t\t<h2 class=\"elementor-heading-title elementor-size-default\">BIOGRAPHIE<\/h2>\t\t<\/div>\n\t\t\t\t<\/div>\n\t\t\t\t\t<\/div>\n\t\t\t\t<\/div>\n\t\t<div class=\"elementor-element elementor-element-c21e42b e-flex e-con-boxed e-con e-parent\" data-id=\"c21e42b\" data-element_type=\"container\">\n\t\t\t\t\t<div class=\"e-con-inner\">\n\t\t\t\t<div class=\"elementor-element elementor-element-8bff03c elementor-widget elementor-widget-text-editor\" data-id=\"8bff03c\" data-element_type=\"widget\" data-widget_type=\"text-editor.default\">\n\t\t\t\t<div class=\"elementor-widget-container\">\n\t\t\t\t\t\t\t<p>Fol\u00e9ru\u00a0est n\u00e9e en 1966 \u00e0 Scionzier (Haute-Savoie \u2013 France).<\/p><p>Dans son milieu d\u2019origine, l\u2019art et la litt\u00e9rature ne pouvaient \u00eatre envisag\u00e9s comme des activit\u00e9s professionnelles\u2026 \u00e0 peine \u00e9taient ils consid\u00e9r\u00e9s comme des passe-temps un peu honteux.<\/p><p>C\u2019est donc seule, et parall\u00e8lement \u00e0 ses \u00e9tudes puis \u00e0 son activit\u00e9 professionnelle, qu\u2019elle s\u2019est form\u00e9e au dessin, \u00e0 l\u2019\u00e9criture, \u00e0 l\u2019histoire de l\u2019art\u2026<\/p><p>Par la suite, \u00e0 l\u2019occasion de parenth\u00e8ses dans sa carri\u00e8re \u00a0\u00ab\u00a0officielle\u00a0\u00bb, elle a travaill\u00e9 sa technique en participant aux ateliers d\u2019Anna Weber \u00e0 Epernay et de Patrick Adam \u00e0 Champillon.<\/p><p>Elle n\u2019a jamais cess\u00e9 d\u2019\u00e9crire, de dessiner et de peindre mais n\u2019a v\u00e9ritablement trouv\u00e9 sa voie qu\u2019en 2014, en cr\u00e9ant sa propre\u00a0technique.\u00a0La po\u00e9sie et les mots y tiennent d\u2019ailleurs autant de place que les arts graphiques. C\u2019est sa vie personnelle, \u00e0 part \u00e9gale avec les artistes qu\u2019elle admire,\u00a0qui nourrissent son imaginaire et sa cr\u00e9ativit\u00e9.<\/p>\t\t\t\t\t\t<\/div>\n\t\t\t\t<\/div>\n\t\t\t\t\t<\/div>\n\t\t\t\t<\/div>\n\t\t\t\t<\/div>\n\t\t","protected":false},"excerpt":{"rendered":"<p>BIOGRAPHIE Fol\u00e9ru\u00a0est n\u00e9e en 1966 \u00e0 Scionzier (Haute-Savoie \u2013 France). Dans son milieu d\u2019origine, l\u2019art et la litt\u00e9rature ne pouvaient \u00eatre envisag\u00e9s comme des activit\u00e9s professionnelles\u2026 \u00e0 peine \u00e9taient ils consid\u00e9r\u00e9s comme des passe-temps un peu honteux. C\u2019est donc seule, et parall\u00e8lement \u00e0 ses \u00e9tudes puis \u00e0 son activit\u00e9 professionnelle, qu\u2019elle s\u2019est form\u00e9e au dessin, [&hellip;]<\/p>\n","protected":false},"author":1,"featured_media":0,"parent":0,"menu_order":0,"comment_status":"closed","ping_status":"closed","template":"","meta":{"footnotes":""},"class_list":["post-112","page","type-page","status-publish","hentry"],"_links":{"self":[{"href":"https:\/\/foleru.ovh\/index.php\/wp-json\/wp\/v2\/pages\/112"}],"collection":[{"href":"https:\/\/foleru.ovh\/index.php\/wp-json\/wp\/v2\/pages"}],"about":[{"href":"https:\/\/foleru.ovh\/index.php\/wp-json\/wp\/v2\/types\/page"}],"author":[{"embeddable":true,"href":"https:\/\/foleru.ovh\/index.php\/wp-json\/wp\/v2\/users\/1"}],"replies":[{"embeddable":true,"href":"https:\/\/foleru.ovh\/index.php\/wp-json\/wp\/v2\/comments?post=112"}],"version-history":[{"count":19,"href":"https:\/\/foleru.ovh\/index.php\/wp-json\/wp\/v2\/pages\/112\/revisions"}],"predecessor-version":[{"id":174,"href":"https:\/\/foleru.ovh\/index.php\/wp-json\/wp\/v2\/pages\/112\/revisions\/174"}],"wp:attachment":[{"href":"https:\/\/foleru.ovh\/index.php\/wp-json\/wp\/v2\/media?parent=112"}],"curies":[{"name":"wp","href":"https:\/\/api.w.org\/{rel}","templated":true}]}}